{"id":15,"date":"2020-09-03T13:17:58","date_gmt":"2020-09-03T11:17:58","guid":{"rendered":"http:\/\/grangecocotte.be\/?page_id=15"},"modified":"2026-01-20T23:47:08","modified_gmt":"2026-01-20T22:47:08","slug":"potager","status":"publish","type":"page","link":"https:\/\/www.grangecocotte.be\/index.php\/potager\/","title":{"rendered":"Potager"},"content":{"rendered":"\n<p>Le potager partag\u00e9 de la Grange Cocotte est un jardin cultiv\u00e9 collectivement par une dizaine de personnes. La terre, les outils, l&rsquo;\u00e9nergie et les savoirs sont mis en commun.<\/p>\n\n\n\n<p>On y cultive des l\u00e9gumes de saison, mais aussi l\u2019entraide, la patience et le plaisir de faire ensemble.<br>Chacun\u00b7e participe selon ses possibilit\u00e9s, dans une ambiance simple et conviviale.<\/p>\n\n\n\n<p>Le potager est ouvert aux familles. Les enfants peuvent jardiner, observer, jouer ou simplement passer du temps dehors, au contact du vivant.<\/p>\n\n\n\n<p>C\u2019est un lieu pour apprendre, transmettre, ralentir\u2026 et se rappeler que la nature fait aussi partie de notre quotidien.<\/p>\n\n\n\n<div class=\"wp-block-media-text is-stacked-on-mobile\"><figure class=\"wp-block-media-text__media\"><img loading=\"lazy\" decoding=\"async\" width=\"1024\" height=\"768\" src=\"https:\/\/www.grangecocotte.be\/wp-content\/uploads\/2026\/01\/IMG-20210825-WA0012-1024x768.jpg\" alt=\"potager partag\u00e9 Buzet La Grange Cocotte\" class=\"wp-image-2063 size-full\" srcset=\"https:\/\/www.grangecocotte.be\/wp-content\/uploads\/2026\/01\/IMG-20210825-WA0012-1024x768.jpg 1024w, https:\/\/www.grangecocotte.be\/wp-content\/uploads\/2026\/01\/IMG-20210825-WA0012-300x225.jpg 300w, https:\/\/www.grangecocotte.be\/wp-content\/uploads\/2026\/01\/IMG-20210825-WA0012-768x576.jpg 768w, https:\/\/www.grangecocotte.be\/wp-content\/uploads\/2026\/01\/IMG-20210825-WA0012-1536x1152.jpg 1536w, https:\/\/www.grangecocotte.be\/wp-content\/uploads\/2026\/01\/IMG-20210825-WA0012.jpg 1920w\" sizes=\"auto, (max-width: 1024px) 100vw, 1024px\" \/><\/figure><div class=\"wp-block-media-text__content\">\n<p>Les cultures sont r\u00e9alis\u00e9es sans traitement chimique, avec une attention port\u00e9e \u00e0 la biodiversit\u00e9 (fleurs, haies, auxiliaires, micro-espaces). Les r\u00e9coltes sont ensuite partag\u00e9es entre les jardinier\u00b7e\u00b7s.<\/p>\n<\/div><\/div>\n\n\n\n<p><\/p>\n\n\n\n<p>\ud83d\udc49 <strong>Envie de soutenir nos pratiques durables?<\/strong><\/p>\n\n\n\n<p>Devenez membre de notre asbl! Votre cotisation de 50\u20ac\/an nous permettra d&rsquo;agir concr\u00e8tement pour la nature (am\u00e9nagements pour les animaux sauvages, plantation d&rsquo;arbres, etc ) et pour les humains (visites d&rsquo;\u00e9coles, activit\u00e9s pour les enfants). Veuillez noter que votre cotisation ne servira pas \u00e0 financer le potager (semences, eau, terreau) qui fait l&rsquo;objet d&rsquo;une cotisation sp\u00e9ciale de la part des jardinier\u00b7e\u00b7s.<\/p>\n\n\n\n<div class=\"wp-block-columns is-layout-flex wp-container-core-columns-is-layout-1d9e2a49 wp-block-columns-is-layout-flex\" style=\"padding-top:10px;padding-bottom:10px\">\n<div class=\"wp-block-column is-layout-flow wp-block-column-is-layout-flow\">\n<figure class=\"wp-block-image size-large is-resized\"><img loading=\"lazy\" decoding=\"async\" width=\"1024\" height=\"722\" src=\"https:\/\/www.grangecocotte.be\/wp-content\/uploads\/2022\/10\/IMG_20220930_084903-scaled-e1768058436743-1024x722.jpg\" alt=\"jardin collectif l\u00e9gumes saison Namur\" class=\"wp-image-1557\" style=\"object-fit:cover;width:600px;height:300px\" srcset=\"https:\/\/www.grangecocotte.be\/wp-content\/uploads\/2022\/10\/IMG_20220930_084903-scaled-e1768058436743-1024x722.jpg 1024w, https:\/\/www.grangecocotte.be\/wp-content\/uploads\/2022\/10\/IMG_20220930_084903-scaled-e1768058436743-300x212.jpg 300w, https:\/\/www.grangecocotte.be\/wp-content\/uploads\/2022\/10\/IMG_20220930_084903-scaled-e1768058436743-768x541.jpg 768w, https:\/\/www.grangecocotte.be\/wp-content\/uploads\/2022\/10\/IMG_20220930_084903-scaled-e1768058436743-1536x1083.jpg 1536w, https:\/\/www.grangecocotte.be\/wp-content\/uploads\/2022\/10\/IMG_20220930_084903-scaled-e1768058436743.jpg 1624w\" sizes=\"auto, (max-width: 1024px) 100vw, 1024px\" \/><figcaption class=\"wp-element-caption\">Des l\u00e9gumes, des fleurs, du collectif<\/figcaption><\/figure>\n<\/div>\n\n\n\n<div class=\"wp-block-column is-layout-flow wp-block-column-is-layout-flow\">\n<figure class=\"wp-block-image size-large is-resized\"><img loading=\"lazy\" decoding=\"async\" width=\"1024\" height=\"768\" src=\"https:\/\/www.grangecocotte.be\/wp-content\/uploads\/2026\/01\/IMG-20210406-WA0010-1024x768.jpg\" alt=\"potager collectif apprentissage jardinage\" class=\"wp-image-2082\" style=\"object-fit:cover;width:600px;height:300px\" srcset=\"https:\/\/www.grangecocotte.be\/wp-content\/uploads\/2026\/01\/IMG-20210406-WA0010-1024x768.jpg 1024w, https:\/\/www.grangecocotte.be\/wp-content\/uploads\/2026\/01\/IMG-20210406-WA0010-300x225.jpg 300w, https:\/\/www.grangecocotte.be\/wp-content\/uploads\/2026\/01\/IMG-20210406-WA0010-768x576.jpg 768w, https:\/\/www.grangecocotte.be\/wp-content\/uploads\/2026\/01\/IMG-20210406-WA0010-1536x1152.jpg 1536w, https:\/\/www.grangecocotte.be\/wp-content\/uploads\/2026\/01\/IMG-20210406-WA0010.jpg 1920w\" sizes=\"auto, (max-width: 1024px) 100vw, 1024px\" \/><figcaption class=\"wp-element-caption\">Les mains dans la terre<\/figcaption><\/figure>\n<\/div>\n<\/div>\n\n\n\n<p>\ud83d\udc49 <strong>Vous souhaitez jardiner avec nous ?<\/strong><br>Contactez-nous par mail pour conna\u00eetre les modalit\u00e9s de participation (engagement en temps minimum + cotisation annuelle).<\/p>\n\n\n\n<div class=\"wp-block-buttons is-layout-flex wp-block-buttons-is-layout-flex\">\n<div class=\"wp-block-button\"><a class=\"wp-block-button__link has-white-color has-text-color has-background wp-element-button\" href=\"https:\/\/www.grangecocotte.be\/index.php\/asbl\/devenir-membre\/\" style=\"background-color:#d60b51\">Je soutiens!<\/a><\/div>\n\n\n\n<div class=\"wp-block-button\"><a class=\"wp-block-button__link has-white-color has-text-color has-background wp-element-button\" href=\"mailto:asbl@grangecocotte.be\" style=\"background-color:#008d36\">J&rsquo;ai une question<\/a><\/div>\n<\/div>\n\n\n\n<p><\/p>\n\n\n\n<p class=\"has-text-align-center\">\u00ab\u00a0<em>Un potager partag\u00e9, c\u2019est plus qu\u2019un jardin : c\u2019est un lieu de lien social, <\/em><br><em>de transmission de savoirs et d\u2019alimentation locale.\u00a0\u00bb <\/em><\/p>\n","protected":false},"excerpt":{"rendered":"<p>Le potager partag\u00e9 de la Grange Cocotte est un jardin cultiv\u00e9 collectivement par une dizaine de personnes. La terre, les outils, l&rsquo;\u00e9nergie et les savoirs sont mis en commun. On y cultive des l\u00e9gumes de saison, mais aussi l\u2019entraide, la patience et le plaisir de faire ensemble.Chacun\u00b7e participe selon ses possibilit\u00e9s, dans une ambiance simple [&hellip;]<\/p>\n","protected":false},"author":1,"featured_media":0,"parent":0,"menu_order":1,"comment_status":"closed","ping_status":"closed","template":"","meta":{"zakra_page_container_layout":"customizer","zakra_page_sidebar_layout":"customizer","zakra_remove_content_margin":false,"zakra_sidebar":"customizer","zakra_transparent_header":"customizer","zakra_logo":0,"zakra_main_header_style":"default","zakra_menu_item_color":"","zakra_menu_item_hover_color":"","zakra_menu_item_active_color":"","zakra_menu_active_style":"","zakra_page_header":true,"footnotes":""},"class_list":["post-15","page","type-page","status-publish","hentry"],"_links":{"self":[{"href":"https:\/\/www.grangecocotte.be\/index.php\/wp-json\/wp\/v2\/pages\/15","targetHints":{"allow":["GET"]}}],"collection":[{"href":"https:\/\/www.grangecocotte.be\/index.php\/wp-json\/wp\/v2\/pages"}],"about":[{"href":"https:\/\/www.grangecocotte.be\/index.php\/wp-json\/wp\/v2\/types\/page"}],"author":[{"embeddable":true,"href":"https:\/\/www.grangecocotte.be\/index.php\/wp-json\/wp\/v2\/users\/1"}],"replies":[{"embeddable":true,"href":"https:\/\/www.grangecocotte.be\/index.php\/wp-json\/wp\/v2\/comments?post=15"}],"version-history":[{"count":111,"href":"https:\/\/www.grangecocotte.be\/index.php\/wp-json\/wp\/v2\/pages\/15\/revisions"}],"predecessor-version":[{"id":2209,"href":"https:\/\/www.grangecocotte.be\/index.php\/wp-json\/wp\/v2\/pages\/15\/revisions\/2209"}],"wp:attachment":[{"href":"https:\/\/www.grangecocotte.be\/index.php\/wp-json\/wp\/v2\/media?parent=15"}],"curies":[{"name":"wp","href":"https:\/\/api.w.org\/{rel}","templated":true}]}}