{"id":174,"date":"2020-09-04T10:53:22","date_gmt":"2020-09-04T08:53:22","guid":{"rendered":"http:\/\/grangecocotte.be\/?page_id=174"},"modified":"2026-01-21T14:31:54","modified_gmt":"2026-01-21T13:31:54","slug":"devenir-membre","status":"publish","type":"page","link":"https:\/\/www.grangecocotte.be\/index.php\/asbl\/devenir-membre\/","title":{"rendered":"Devenir membre"},"content":{"rendered":"\n<p>Il n&rsquo;y a aucun engagement en temps\/pr\u00e9sence (m\u00eame si cela nous ferait plaisir), seulement une <strong>cotisation annuelle<\/strong>.<br>Gr\u00e2ce \u00e0 vos 50\u20ac, nous pouvons :<br>\ud83c\udf31 organiser des moments de rencontre<br>\ud83c\udf31 faire participer des associations aux moyens plus limit\u00e9s<br>\ud83c\udf31 favoriser la biodiversit\u00e9 du lieu<br>\ud83c\udf31 vous pr\u00e9venir en priorit\u00e9 lors de la vente des surplus de l\u00e9gumes<br><\/p>\n\n\n\n<iframe loading=\"lazy\" src=\"https:\/\/framaforms.org\/inscription-1768957503\" width=\"100%\" height=\"1050\" border=\"0\"><\/iframe>\n\n\n\n<p><\/p>\n","protected":false},"excerpt":{"rendered":"<p>Il n&rsquo;y a aucun engagement en temps\/pr\u00e9sence (m\u00eame si cela nous ferait plaisir), seulement une cotisation annuelle.Gr\u00e2ce \u00e0 vos 50\u20ac, nous pouvons :\ud83c\udf31 organiser des moments de rencontre\ud83c\udf31 faire participer des associations aux moyens plus limit\u00e9s\ud83c\udf31 favoriser la biodiversit\u00e9 du lieu\ud83c\udf31 vous pr\u00e9venir en priorit\u00e9 lors de la vente des surplus de l\u00e9gumes<\/p>\n","protected":false},"author":1,"featured_media":0,"parent":29,"menu_order":0,"comment_status":"closed","ping_status":"closed","template":"","meta":{"zakra_page_container_layout":"customizer","zakra_page_sidebar_layout":"customizer","zakra_remove_content_margin":false,"zakra_sidebar":"customizer","zakra_transparent_header":"customizer","zakra_logo":0,"zakra_main_header_style":"default","zakra_menu_item_color":"","zakra_menu_item_hover_color":"","zakra_menu_item_active_color":"","zakra_menu_active_style":"","zakra_page_header":true,"footnotes":""},"class_list":["post-174","page","type-page","status-publish","hentry"],"_links":{"self":[{"href":"https:\/\/www.grangecocotte.be\/index.php\/wp-json\/wp\/v2\/pages\/174","targetHints":{"allow":["GET"]}}],"collection":[{"href":"https:\/\/www.grangecocotte.be\/index.php\/wp-json\/wp\/v2\/pages"}],"about":[{"href":"https:\/\/www.grangecocotte.be\/index.php\/wp-json\/wp\/v2\/types\/page"}],"author":[{"embeddable":true,"href":"https:\/\/www.grangecocotte.be\/index.php\/wp-json\/wp\/v2\/users\/1"}],"replies":[{"embeddable":true,"href":"https:\/\/www.grangecocotte.be\/index.php\/wp-json\/wp\/v2\/comments?post=174"}],"version-history":[{"count":87,"href":"https:\/\/www.grangecocotte.be\/index.php\/wp-json\/wp\/v2\/pages\/174\/revisions"}],"predecessor-version":[{"id":2228,"href":"https:\/\/www.grangecocotte.be\/index.php\/wp-json\/wp\/v2\/pages\/174\/revisions\/2228"}],"up":[{"embeddable":true,"href":"https:\/\/www.grangecocotte.be\/index.php\/wp-json\/wp\/v2\/pages\/29"}],"wp:attachment":[{"href":"https:\/\/www.grangecocotte.be\/index.php\/wp-json\/wp\/v2\/media?parent=174"}],"curies":[{"name":"wp","href":"https:\/\/api.w.org\/{rel}","templated":true}]}}