{"id":29,"date":"2020-09-03T13:42:20","date_gmt":"2020-09-03T11:42:20","guid":{"rendered":"http:\/\/grangecocotte.be\/?page_id=29"},"modified":"2026-01-20T23:54:41","modified_gmt":"2026-01-20T22:54:41","slug":"asbl","status":"publish","type":"page","link":"https:\/\/www.grangecocotte.be\/index.php\/asbl\/","title":{"rendered":"ASBL"},"content":{"rendered":"\n<p>La Grange Cocotte est une ASBL situ\u00e9e \u00e0 Buzet (Floreffe), pr\u00e8s de Namur, dont l\u2019objet est de favoriser l\u2019autonomie alimentaire, le lien social et la pr\u00e9servation de l\u2019environnement par la pratique du mara\u00eechage et des activit\u00e9s de transmission.<\/p>\n\n\n\n<p>Conform\u00e9ment \u00e0 ses statuts, l\u2019association initie et d\u00e9veloppe des projets permettant :<\/p>\n\n\n\n<ul class=\"wp-block-list\">\n<li>la pratique de la <strong>culture mara\u00eech\u00e8re collective<\/strong>,<\/li>\n\n\n\n<li>l\u2019\u00e9change autour de <strong>pratiques agro\u00e9cologiques et r\u00e9silientes<\/strong>,<\/li>\n\n\n\n<li>la sensibilisation \u00e0 une <strong>alimentation locale, saine et de saison<\/strong>,<\/li>\n\n\n\n<li>la <strong>pr\u00e9servation de la biodiversit\u00e9<\/strong> et des \u00e9cosyst\u00e8mes.<\/li>\n<\/ul>\n\n\n\n<p>L\u2019ASBL s\u2019articule autour de deux piliers compl\u00e9mentaires :<\/p>\n\n\n\n<h3 class=\"wp-block-heading\"><mark style=\"background-color:rgba(0, 0, 0, 0);color:#008d36\" class=\"has-inline-color\"><mark style=\"background-color:rgba(0, 0, 0, 0);color:#008d36\" class=\"has-inline-color\">Potager partag\u00e9<\/mark><\/mark><\/h3>\n\n\n\n<div class=\"wp-block-media-text alignwide is-stacked-on-mobile\" style=\"grid-template-columns:38% auto\"><figure class=\"wp-block-media-text__media\"><img loading=\"lazy\" decoding=\"async\" width=\"1024\" height=\"768\" src=\"https:\/\/www.grangecocotte.be\/wp-content\/uploads\/2022\/10\/278670851_504603308055654_4102076029902707073_n-1024x768.jpg\" alt=\"\" class=\"wp-image-1556 size-full\" srcset=\"https:\/\/www.grangecocotte.be\/wp-content\/uploads\/2022\/10\/278670851_504603308055654_4102076029902707073_n-1024x768.jpg 1024w, https:\/\/www.grangecocotte.be\/wp-content\/uploads\/2022\/10\/278670851_504603308055654_4102076029902707073_n-300x225.jpg 300w, https:\/\/www.grangecocotte.be\/wp-content\/uploads\/2022\/10\/278670851_504603308055654_4102076029902707073_n-768x576.jpg 768w, https:\/\/www.grangecocotte.be\/wp-content\/uploads\/2022\/10\/278670851_504603308055654_4102076029902707073_n-1536x1152.jpg 1536w, https:\/\/www.grangecocotte.be\/wp-content\/uploads\/2022\/10\/278670851_504603308055654_4102076029902707073_n.jpg 1920w\" sizes=\"auto, (max-width: 1024px) 100vw, 1024px\" \/><\/figure><div class=\"wp-block-media-text__content\">\n<p>Un potager cultiv\u00e9 collectivement, o\u00f9 surface, outils, savoirs et temps sont mutualis\u00e9s afin de produire des l\u00e9gumes tout en cultivant la coop\u00e9ration et l\u2019apprentissage.<br><a href=\"https:\/\/www.grangecocotte.be\/index.php\/potager\/\" data-type=\"page\" data-id=\"15\">&gt;&gt; Vers la page du potager<\/a><\/p>\n<\/div><\/div>\n\n\n\n<p><\/p>\n\n\n\n<h3 class=\"wp-block-heading\"><mark style=\"background-color:rgba(0, 0, 0, 0);color:#008d36\" class=\"has-inline-color\">Serre culturelle<\/mark><\/h3>\n\n\n\n<div class=\"wp-block-media-text alignwide is-stacked-on-mobile\" style=\"grid-template-columns:38% auto\"><figure class=\"wp-block-media-text__media\"><img loading=\"lazy\" decoding=\"async\" width=\"1024\" height=\"768\" src=\"https:\/\/www.grangecocotte.be\/wp-content\/uploads\/2026\/01\/IMG-20251006-WA0020-1-1024x768.jpg\" alt=\"\" class=\"wp-image-2119 size-full\" srcset=\"https:\/\/www.grangecocotte.be\/wp-content\/uploads\/2026\/01\/IMG-20251006-WA0020-1-1024x768.jpg 1024w, https:\/\/www.grangecocotte.be\/wp-content\/uploads\/2026\/01\/IMG-20251006-WA0020-1-300x225.jpg 300w, https:\/\/www.grangecocotte.be\/wp-content\/uploads\/2026\/01\/IMG-20251006-WA0020-1-768x576.jpg 768w, https:\/\/www.grangecocotte.be\/wp-content\/uploads\/2026\/01\/IMG-20251006-WA0020-1-1536x1152.jpg 1536w, https:\/\/www.grangecocotte.be\/wp-content\/uploads\/2026\/01\/IMG-20251006-WA0020-1.jpg 2000w\" sizes=\"auto, (max-width: 1024px) 100vw, 1024px\" \/><\/figure><div class=\"wp-block-media-text__content\">\n<p>La Grange Cocotte accueille diff\u00e9rents publics (\u00e9coles, groupes, familles) pour des activit\u00e9s p\u00e9dagogiques, culturelles et sensibles autour de la nature, de l\u2019alimentation et du vivant.<br>L\u2019ASBL propose un espace d\u2019apprentissage, de rencontre et d\u2019\u00e9change, favorisant l\u2019\u00e9merveillement, la transmission des savoirs et le lien social, pour les petits comme pour les grands.<br><a href=\"https:\/\/www.grangecocotte.be\/index.php\/serre-culturelle\/\" data-type=\"page\" data-id=\"1528\">&gt;&gt; Vers la page de la serre culturelle<\/a><\/p>\n<\/div><\/div>\n\n\n\n<h3 class=\"wp-block-heading\"><mark style=\"background-color:rgba(0, 0, 0, 0);color:#008d36\" class=\"has-inline-color\"><mark style=\"background-color:rgba(0, 0, 0, 0);color:#008d36\" class=\"has-inline-color\"><\/mark><\/mark><\/h3>\n\n\n\n<blockquote class=\"wp-block-quote is-layout-flow wp-block-quote-is-layout-flow\">\n<p class=\"has-text-align-center\">Association sans but lucratif active \u00e0 Buzet (Namur) dans les domaines de l\u2019agriculture, de l&rsquo;alimentation saine et locale, de l\u2019environnement et du lien social.<\/p>\n<\/blockquote>\n","protected":false},"excerpt":{"rendered":"<p>La Grange Cocotte est une ASBL situ\u00e9e \u00e0 Buzet (Floreffe), pr\u00e8s de Namur, dont l\u2019objet est de favoriser l\u2019autonomie alimentaire, le lien social et la pr\u00e9servation de l\u2019environnement par la pratique du mara\u00eechage et des activit\u00e9s de transmission. Conform\u00e9ment \u00e0 ses statuts, l\u2019association initie et d\u00e9veloppe des projets permettant : L\u2019ASBL s\u2019articule autour de deux [&hellip;]<\/p>\n","protected":false},"author":1,"featured_media":0,"parent":0,"menu_order":3,"comment_status":"closed","ping_status":"closed","template":"","meta":{"zakra_page_container_layout":"customizer","zakra_page_sidebar_layout":"customizer","zakra_remove_content_margin":false,"zakra_sidebar":"customizer","zakra_transparent_header":"customizer","zakra_logo":0,"zakra_main_header_style":"default","zakra_menu_item_color":"","zakra_menu_item_hover_color":"","zakra_menu_item_active_color":"","zakra_menu_active_style":"","zakra_page_header":true,"footnotes":""},"class_list":["post-29","page","type-page","status-publish","hentry"],"_links":{"self":[{"href":"https:\/\/www.grangecocotte.be\/index.php\/wp-json\/wp\/v2\/pages\/29","targetHints":{"allow":["GET"]}}],"collection":[{"href":"https:\/\/www.grangecocotte.be\/index.php\/wp-json\/wp\/v2\/pages"}],"about":[{"href":"https:\/\/www.grangecocotte.be\/index.php\/wp-json\/wp\/v2\/types\/page"}],"author":[{"embeddable":true,"href":"https:\/\/www.grangecocotte.be\/index.php\/wp-json\/wp\/v2\/users\/1"}],"replies":[{"embeddable":true,"href":"https:\/\/www.grangecocotte.be\/index.php\/wp-json\/wp\/v2\/comments?post=29"}],"version-history":[{"count":79,"href":"https:\/\/www.grangecocotte.be\/index.php\/wp-json\/wp\/v2\/pages\/29\/revisions"}],"predecessor-version":[{"id":2214,"href":"https:\/\/www.grangecocotte.be\/index.php\/wp-json\/wp\/v2\/pages\/29\/revisions\/2214"}],"wp:attachment":[{"href":"https:\/\/www.grangecocotte.be\/index.php\/wp-json\/wp\/v2\/media?parent=29"}],"curies":[{"name":"wp","href":"https:\/\/api.w.org\/{rel}","templated":true}]}}