{"id":46,"date":"2020-09-03T14:46:10","date_gmt":"2020-09-03T12:46:10","guid":{"rendered":"http:\/\/grangecocotte.be\/?page_id=46"},"modified":"2026-01-10T16:40:51","modified_gmt":"2026-01-10T15:40:51","slug":"contact","status":"publish","type":"page","link":"https:\/\/www.grangecocotte.be\/index.php\/contact\/","title":{"rendered":"Contact"},"content":{"rendered":"\n<div class=\"wp-block-columns is-layout-flex wp-container-core-columns-is-layout-28f84493 wp-block-columns-is-layout-flex\">\n<div class=\"wp-block-column is-layout-flow wp-block-column-is-layout-flow\">\n<p class=\"has-text-align-center\"><strong>Potager et serre culturelle:<\/strong><br>Hanna<\/p>\n<\/div>\n\n\n\n<div class=\"wp-block-column is-layout-flow wp-block-column-is-layout-flow\">\n<p class=\"has-text-align-center\"><strong>Pr\u00e9sident de l&rsquo;ASBL:<\/strong><br>Joffrey<br><\/p>\n<\/div>\n\n\n\n<div class=\"wp-block-column is-layout-flow wp-block-column-is-layout-flow\">\n<p class=\"has-text-align-center\"><strong>E-mail: <\/strong><br>asbl@grangecocotte.be<br><\/p>\n<\/div>\n<\/div>\n\n\n\n<p><mark style=\"background-color:rgba(0, 0, 0, 0);color:#008d36\" class=\"has-inline-color\">Acc\u00e8s<\/mark><\/p>\n\n\n\n<p>Le champ est situ\u00e9 au 13, rue de Malonne &#8211; 5150 Buzet (Floreffe)<\/p>\n\n\n\n<iframe loading=\"lazy\" src=\"https:\/\/www.google.com\/maps\/embed?pb=!1m18!1m12!1m3!1d2541.964621809082!2d4.77686201573043!3d50.42313077947167!2m3!1f0!2f0!3f0!3m2!1i1024!2i768!4f13.1!3m3!1m2!1s0x47c19a8455b65d7d%3A0x64638b77d47e7336!2sRue%20de%20Malonne%2013%2C%205150%20Floreffe!5e0!3m2!1sfr!2sbe!4v1599157837262!5m2!1sfr!2sbe\" style=\"border:0;\" allowfullscreen=\"\" aria-hidden=\"false\" tabindex=\"0\" width=\"800\" height=\"300\" frameborder=\"0\"><\/iframe>\n\n\n\n<p>La grange se trouve sur le coin du champ, l&rsquo;acc\u00e8s se fait par l\u00e0. 2 places de parking sont disponibles \u00e0 c\u00f4t\u00e9 de la grange et 3 places en face du champ, de l&rsquo;autre c\u00f4t\u00e9 de la route. Il nous tient \u00e0 coeur de ne pas causer d&#8217;embarras \u00e0 nos voisins, veuillez svp ne pas vous garer sur les parkings priv\u00e9s.<\/p>\n\n\n\n<p><mark style=\"background-color:rgba(0, 0, 0, 0);color:#008d36\" class=\"has-inline-color\">Donn\u00e9es de l&rsquo;ASBL<\/mark><\/p>\n\n\n\n<p><strong>La Grange Cocotte ASBL<\/strong><br>13, rue de Malonne &#8211; 5150 Buzet<br>N\u00b0 entreprise BE1020.994.878<br>Compte IBAN BE36 5230 8165 5281<br><\/p>\n\n\n\n<p><\/p>\n","protected":false},"excerpt":{"rendered":"<p>Potager et serre culturelle:Hanna Pr\u00e9sident de l&rsquo;ASBL:Joffrey E-mail: asbl@grangecocotte.be Acc\u00e8s Le champ est situ\u00e9 au 13, rue de Malonne &#8211; 5150 Buzet (Floreffe) La grange se trouve sur le coin du champ, l&rsquo;acc\u00e8s se fait par l\u00e0. 2 places de parking sont disponibles \u00e0 c\u00f4t\u00e9 de la grange et 3 places en face du champ, [&hellip;]<\/p>\n","protected":false},"author":1,"featured_media":0,"parent":0,"menu_order":5,"comment_status":"closed","ping_status":"closed","template":"","meta":{"zakra_page_container_layout":"customizer","zakra_page_sidebar_layout":"customizer","zakra_remove_content_margin":false,"zakra_sidebar":"customizer","zakra_transparent_header":"customizer","zakra_logo":0,"zakra_main_header_style":"default","zakra_menu_item_color":"","zakra_menu_item_hover_color":"","zakra_menu_item_active_color":"","zakra_menu_active_style":"","zakra_page_header":true,"footnotes":""},"class_list":["post-46","page","type-page","status-publish","hentry"],"_links":{"self":[{"href":"https:\/\/www.grangecocotte.be\/index.php\/wp-json\/wp\/v2\/pages\/46","targetHints":{"allow":["GET"]}}],"collection":[{"href":"https:\/\/www.grangecocotte.be\/index.php\/wp-json\/wp\/v2\/pages"}],"about":[{"href":"https:\/\/www.grangecocotte.be\/index.php\/wp-json\/wp\/v2\/types\/page"}],"author":[{"embeddable":true,"href":"https:\/\/www.grangecocotte.be\/index.php\/wp-json\/wp\/v2\/users\/1"}],"replies":[{"embeddable":true,"href":"https:\/\/www.grangecocotte.be\/index.php\/wp-json\/wp\/v2\/comments?post=46"}],"version-history":[{"count":66,"href":"https:\/\/www.grangecocotte.be\/index.php\/wp-json\/wp\/v2\/pages\/46\/revisions"}],"predecessor-version":[{"id":2125,"href":"https:\/\/www.grangecocotte.be\/index.php\/wp-json\/wp\/v2\/pages\/46\/revisions\/2125"}],"wp:attachment":[{"href":"https:\/\/www.grangecocotte.be\/index.php\/wp-json\/wp\/v2\/media?parent=46"}],"curies":[{"name":"wp","href":"https:\/\/api.w.org\/{rel}","templated":true}]}}